{"id":852,"date":"2025-07-18T08:38:17","date_gmt":"2025-07-18T06:38:17","guid":{"rendered":"https:\/\/torresprunera.cat\/aviso-legal"},"modified":"2025-08-20T11:35:52","modified_gmt":"2025-08-20T09:35:52","slug":"aviso-legal","status":"publish","type":"page","link":"https:\/\/www.torresprunera.com\/es\/aviso-legal","title":{"rendered":"Aviso legal"},"content":{"rendered":"\n<p>Podemos garantizar que te encuentres en un espacio 100% seguro. Por eso, en cumplimiento del deber de informaci\u00f3n recogido en el art\u00edculo 10 de la Ley 34\/2002, de 11 de julio, de Servicios de la Sociedad de la Informaci\u00f3n y Comercio Electr\u00f3nico (LSSI-CE), se hace constar lo siguiente:<\/p>\n\n<h2 class=\"wp-block-heading\">1. Aviso Legal y Condiciones de Uso<\/h2>\n\n<h3 class=\"wp-block-heading\">1.1 Datos identificativos del responsable<\/h3>\n\n<p>En cumplimiento de lo que establece la Ley 34\/2002, de 11 de julio, de servicios de la sociedad de la informaci\u00f3n y de comercio electr\u00f3nico, se informa que:<\/p>\n\n<ul class=\"wp-block-list\">\n<li><strong>Denominaci\u00f3n social:<\/strong> Torres Prunera S.L.<\/li>\n\n\n\n<li><strong>CIF:<\/strong>B63767743<\/li>\n\n\n\n<li><strong>Domicilio social:<\/strong> carrer Dr. Pasteur 22, 08720 Vilafranca del Pened\u00e8s<\/li>\n\n\n\n<li><strong>Correu electr\u00f2nic: comercial@torresprunera.c<\/strong>om<\/li>\n<\/ul>\n\n<h3 class=\"wp-block-heading\">1.2 Finalidad del sitio web<\/h3>\n\n<p>Los servicios prestados por el responsable del sitio web son los siguientes:<\/p>\n\n<ul class=\"wp-block-list\">\n<li>Atender sus consultas y peticiones.<\/li>\n\n\n\n<li>Informar de los productos de Torres Prunera.<\/li>\n<\/ul>\n\n<h3 class=\"wp-block-heading\">1.3 Usuarios<\/h3>\n\n<p>El acceso y\/o uso de este sitio web atribuye la condici\u00f3n de USUARIO, que acepta, desde ese acceso y\/o uso, las presentes condiciones de uso. Sin embargo, el uso del sitio web no implica el inicio de ninguna relaci\u00f3n laboral o comercial.<\/p>\n\n<h3 class=\"wp-block-heading\">1.4 Uso del sitio web y recogida de informaci\u00f3n<\/h3>\n\n<h4 class=\"wp-block-heading\">1.4.1 Uso del sitio web<\/h4>\n\n<p>La p\u00e1gina web <a href=\"https:\/\/www.torresprunera.com\/es\">https:\/\/www.torresprunera.com\/<\/a> (en adelante, \u201cLA WEB\u201d) proporciona acceso a art\u00edculos, informaciones, servicios y datos (en adelante, \u201clos contenidos\u201d) propiedad de Torres Prunera S.L. EL USUARIO asume la responsabilidad del uso de la web.<\/p>\n\n<p>El USUARIO se compromete a hacer un uso adecuado de los contenidos ofrecidos a trav\u00e9s de la web y, de forma enunciativa pero no limitativa, a no utilizarlos por:<\/p>\n\n<ul class=\"wp-block-list\">\n<li>a) Realizar actividades il\u00edcitas, ilegales o contrarias a la buena fe y al orden p\u00fablico.<\/li>\n\n\n\n<li>b) Difundir contenidos o propaganda de car\u00e1cter racista, xen\u00f3fobo, pornogr\u00e1fico-ilegal, de apolog\u00eda del terrorismo o que atente contra los derechos humanos.<\/li>\n\n\n\n<li>c) Provocar da\u00f1os a los sistemas f\u00edsicos y l\u00f3gicos de <a href=\"https:\/\/www.torresprunera.com\/es\"><\/a><a href=\"https:\/\/www.torresprunera.com\/es\">https:\/\/www.torresprunera.com\/<\/a>, de sus proveedores o de terceros, introducir o difundir virus inform\u00e1ticos u otros sistemas f\u00edsicos o l\u00f3gicos que puedan provocar da\u00f1os.<\/li>\n\n\n\n<li>d) Intentar acceder y, en su caso, utilizar las cuentas de correo electr\u00f3nico de otros usuarios, as\u00ed como modificar o manipular sus mensajes.<\/li>\n<\/ul>\n\n<p>Torres Prunera S.L. se reserva el derecho de retirar todos aquellos comentarios y aportaciones que vulneren el respeto a la dignidad de las personas, sean discriminatorios, xen\u00f3fobos, racistas, pornogr\u00e1ficos, que atenten contra la juventud o la infancia, el orden o la seguridad p\u00fablica o que, seg\u00fan su criterio, no sean adecuados para su publicaci\u00f3n.<\/p>\n\n<p>En cualquier caso, Torres Prunera S.L. no ser\u00e1 responsable de las opiniones expresadas por los usuarios a trav\u00e9s del blog u otras herramientas de participaci\u00f3n.<\/p>\n\n<h4 class=\"wp-block-heading\">1.4.2 Recogida de informaci\u00f3n<\/h4>\n\n<ul class=\"wp-block-list\">\n<li>Formulario de contacto: el USUARIO deber\u00e1 cumplimentar el campo de correo electr\u00f3nico, asunto y nombre.<\/li>\n\n\n\n<li>Cookies de seguimiento, de acuerdo con las reglas descritas en la pol\u00edtica de cookies.<\/li>\n\n\n\n<li>Navegaci\u00f3n y direcci\u00f3n IP: Al navegar por esta web, el usuario facilita de forma autom\u00e1tica al servidor de la web informaci\u00f3n relativa a su direcci\u00f3n IP, fecha y hora de acceso, el hiperv\u00ednculo que lo ha reenviado, el sistema operativo y el navegador utilizado.<\/li>\n<\/ul>\n\n<p>Los usuarios pueden darse de baja en cualquier momento de los servicios prestados por Torres Prunera S.L. o de sus propios datos, en cumplimiento de la normativa vigente sobre protecci\u00f3n de datos.<\/p>\n\n<h2 class=\"wp-block-heading\">2. Propiedad intelectual e industrial<\/h2>\n\n<p>Torres Prunera S.L., como titular o cesionario, es propietaria de todos los derechos de propiedad intelectual e industrial de su p\u00e1gina web, as\u00ed como de los elementos contenidos en ella. Queda prohibida la reproducci\u00f3n, distribuci\u00f3n y comunicaci\u00f3n p\u00fablica de la totalidad o parte de los contenidos de este sitio web, con fines comerciales, en cualquier soporte y medio t\u00e9cnico, sin autorizaci\u00f3n de Torres Prunera S.L.<\/p>\n\n<h2 class=\"wp-block-heading\">3. Exclusi\u00f3n de garant\u00edas y responsabilidad<\/h2>\n\n<p>Torres Prunera S.L. no se hace responsable de los da\u00f1os y perjuicios que pudieran derivarse del uso del sitio web, errores en los contenidos, indisponibilidad del servicio o la transmisi\u00f3n de virus, a pesar de haber adoptado todas las medidas tecnol\u00f3gicas para evitarlo.<\/p>\n\n<h2 class=\"wp-block-heading\">4. Modificaciones<\/h2>\n\n<p>Torres Prunera S.L. se reserva el derecho de modificar, sin previo aviso, el contenido y configuraci\u00f3n de la web.<\/p>\n\n<h2 class=\"wp-block-heading\">5. Legislaci\u00f3n y Jurisdicci\u00f3n<\/h2>\n\n<p>La relaci\u00f3n entre Torres Prunera S.L. y el USUARIO se regir\u00e1 por la legislaci\u00f3n espa\u00f1ola vigente, y cualquier controversia se someter\u00e1 a los tribunales competentes.<\/p>\n","protected":false},"excerpt":{"rendered":"<p>Podemos garantizar que te encuentres en un espacio 100% seguro. Por eso, en cumplimiento del deber de informaci\u00f3n recogido en el art\u00edculo 10 de la Ley 34\/2002, de 11 de julio, de Servicios de la Sociedad de la Informaci\u00f3n y Comercio Electr\u00f3nico (LSSI-CE), se hace constar lo siguiente: 1. Aviso Legal y Condiciones de Uso [&hellip;]<\/p>\n","protected":false},"author":1,"featured_media":0,"parent":0,"menu_order":0,"comment_status":"closed","ping_status":"closed","template":"","meta":{"footnotes":""},"class_list":["post-852","page","type-page","status-publish","hentry"],"_links":{"self":[{"href":"https:\/\/www.torresprunera.com\/es\/wp-json\/wp\/v2\/pages\/852","targetHints":{"allow":["GET"]}}],"collection":[{"href":"https:\/\/www.torresprunera.com\/es\/wp-json\/wp\/v2\/pages"}],"about":[{"href":"https:\/\/www.torresprunera.com\/es\/wp-json\/wp\/v2\/types\/page"}],"author":[{"embeddable":true,"href":"https:\/\/www.torresprunera.com\/es\/wp-json\/wp\/v2\/users\/1"}],"replies":[{"embeddable":true,"href":"https:\/\/www.torresprunera.com\/es\/wp-json\/wp\/v2\/comments?post=852"}],"version-history":[{"count":1,"href":"https:\/\/www.torresprunera.com\/es\/wp-json\/wp\/v2\/pages\/852\/revisions"}],"predecessor-version":[{"id":853,"href":"https:\/\/www.torresprunera.com\/es\/wp-json\/wp\/v2\/pages\/852\/revisions\/853"}],"wp:attachment":[{"href":"https:\/\/www.torresprunera.com\/es\/wp-json\/wp\/v2\/media?parent=852"}],"curies":[{"name":"wp","href":"https:\/\/api.w.org\/{rel}","templated":true}]}}