{"id":864,"date":"2024-10-21T10:31:38","date_gmt":"2024-10-21T08:31:38","guid":{"rendered":"https:\/\/torresprunera.cat\/politica-de-privacidad"},"modified":"2025-08-21T08:17:10","modified_gmt":"2025-08-21T06:17:10","slug":"politica-de-privacidad","status":"publish","type":"page","link":"https:\/\/www.torresprunera.com\/es\/politica-de-privacidad","title":{"rendered":"Pol\u00edtica de privacidad"},"content":{"rendered":"\n<p><br\/>Torres Prunera SL informa a los usuarios del sitio web sobre su pol\u00edtica respecto al tratamiento y protecci\u00f3n de los datos de car\u00e1cter personal de los usuarios y clientes que puedan ser recogidos durante la navegaci\u00f3n o contrataci\u00f3n de servicios a trav\u00e9s de su sitio web. En este sentido, Torres Prunera SL garantiza el cumplimiento de la normativa vigente en materia de protecci\u00f3n de datos personales, comprometi\u00e9ndose al cumplimiento de la obligaci\u00f3n de secreto de los datos de car\u00e1cter personal y del deber de guardarlos, para lo que adoptar\u00e1 las medidas t\u00e9cnicas y organizativas necesarias para evitar su alteraci\u00f3n, p\u00e9rdida, tratamiento o acceso no autorizado9, de acuerdo con la ley de Protecci\u00f3n de Datos de Car\u00e1cter Personal, y el Real Decreto 1720\/2007, de 21 de diciembre, por el que se aprueba el Reglamento de Desarrollo de la LOPD; el Reglamento (UE) 2016\/679 del Parlamento Europeo y del Consejo, de 27 de abril de 2016, relativo a la protecci\u00f3n de las personas f\u00edsicas en cuanto al tratamiento de datos personales ya la libre circulaci\u00f3n de estos datos, y por el que se deroga la Directiva 95\/46\/CE (Reglamento general de protecci\u00f3n de datos).<\/p>\n\n<p>El uso de este sitio web implica la aceptaci\u00f3n de esta pol\u00edtica de privacidad. Asimismo, le informamos sobre la posibilidad de ejercitar los derechos de acceso, rectificaci\u00f3n, cancelaci\u00f3n y oposici\u00f3n mediante petici\u00f3n escrita dirigida a la siguiente direcci\u00f3n de correo electr\u00f3nico: <a href=\"mailto:comercial@torresprunera.com\">comercial@torresprunera.com<\/a><\/p>\n\n<h2 class=\"wp-block-heading\">Recogida, finalidad y tratamientos de datos<\/h2>\n\n<p>Torres Prunera SL tiene el deber de informar a los usuarios de su sitio web sobre la recogida de datos de car\u00e1cter personal que se puedan llevar a cabo, ya sea mediante el env\u00edo de correos electr\u00f3nicos o rellenando los formularios incluidos en el sitio web. En este sentido, Torres Prunera SL ser\u00e1 considerada responsable de los datos recogidos mediante los medios anteriormente descritos.<\/p>\n\n<p>A su vez, Torres Prunera SL informa a los usuarios que la finalidad del tratamiento de los datos recogidos incluye: la atenci\u00f3n de solicitudes realizadas por los usuarios, la inclusi\u00f3n en la agenda de contactos, la prestaci\u00f3n de servicios, la gesti\u00f3n de la relaci\u00f3n comercial y el env\u00edo de informaci\u00f3n por cualquier medio, incluido el correo electr\u00f3nico, sobre servicios, ofertas y novedades relacionadas con los contenidos ofrecidos. Las operaciones, gestiones y procedimientos t\u00e9cnicos que se realicen de forma automatizada o no automatizada y que permitan la recogida, almacenamiento, modificaci\u00f3n, transferencia y otras acciones sobre datos de car\u00e1cter personal tendr\u00e1n la consideraci\u00f3n de tratamiento de datos personales. Todos los datos personales recogidos a trav\u00e9s del sitio web de Torres Prunera SL, y, por tanto, con la consideraci\u00f3n de tratamiento de datos de car\u00e1cter personal, ser\u00e1n incorporados a los ficheros declarados ante la Agencia Espa\u00f1ola de Protecci\u00f3n de Datos por Torres Prunera SL<\/p>\n\n<h2 class=\"wp-block-heading\">Comunicaci\u00f3n de informaci\u00f3n a terceros<\/h2>\n\n<p>Torres Prunera SL informa a los usuarios que sus datos personales no ser\u00e1n cedidos a terceras organizaciones, salvo que esta cesi\u00f3n de datos est\u00e9 amparada en una obligaci\u00f3n legal o cuando la prestaci\u00f3n de un servicio implique la necesidad de una relaci\u00f3n contractual con un encargado del tratamiento. En este \u00faltimo caso, s\u00f3lo se llevar\u00e1 a cabo la cesi\u00f3n de datos al tercero cuando Torres Prunera SL disponga del consentimiento expreso del usuario.<\/p>\n\n<h2 class=\"wp-block-heading\">derechos de los usuarios<\/h2>\n\n<p>La Ley Org\u00e1nica 15\/1999, de 13 de diciembre, de Protecci\u00f3n de Datos de Car\u00e1cter Personal, concede a los interesados \u200b\u200bla posibilidad de ejercitar una serie de derechos relacionados con el tratamiento de sus datos personales. Siempre que los datos del usuario sean objeto de tratamiento por parte de Torres Prunera SL, los usuarios podr\u00e1n ejercitar los derechos de acceso, rectificaci\u00f3n, cancelaci\u00f3n y oposici\u00f3n de acuerdo con lo que prev\u00e9 la normativa legal vigente en materia de protecci\u00f3n de datos personales.<\/p>\n\n<p>Para hacer uso del ejercicio de estos derechos, el usuario deber\u00e1 dirigirse mediante comunicaci\u00f3n escrita, aportando documentaci\u00f3n que acredite su identidad (DNI o pasaporte), en la siguiente direcci\u00f3n: calle Dr. Pasteur 22, 08720 Vilafranca del Pened\u00e8s, Barcelona, \u200b\u200bo enviar un correo electr\u00f3nico a comercial@torresprunera.com oa la direcci\u00f3n que sea sustituida en el Registro General de Protecci\u00f3n de Datos. Esta comunicaci\u00f3n deber\u00e1 reflejar la siguiente informaci\u00f3n: nombre y apellidos del usuario, petici\u00f3n de solicitud, domicilio y datos acreditativos. El ejercicio de derechos deber\u00e1 ser realizado por el propio usuario. No obstante, podr\u00e1n ser ejercidos por persona autorizada como representante legal del autorizado. En tal caso, deber\u00e1 aportarse la documentaci\u00f3n que acredite esta representaci\u00f3n del interesado.<\/p>\n","protected":false},"excerpt":{"rendered":"<p>Torres Prunera SL informa a los usuarios del sitio web sobre su pol\u00edtica respecto al tratamiento y protecci\u00f3n de los datos de car\u00e1cter personal de los usuarios y clientes que puedan ser recogidos durante la navegaci\u00f3n o contrataci\u00f3n de servicios a trav\u00e9s de su sitio web. En este sentido, Torres Prunera SL garantiza el cumplimiento [&hellip;]<\/p>\n","protected":false},"author":1,"featured_media":0,"parent":0,"menu_order":0,"comment_status":"closed","ping_status":"closed","template":"","meta":{"footnotes":""},"class_list":["post-864","page","type-page","status-publish","hentry"],"_links":{"self":[{"href":"https:\/\/www.torresprunera.com\/es\/wp-json\/wp\/v2\/pages\/864","targetHints":{"allow":["GET"]}}],"collection":[{"href":"https:\/\/www.torresprunera.com\/es\/wp-json\/wp\/v2\/pages"}],"about":[{"href":"https:\/\/www.torresprunera.com\/es\/wp-json\/wp\/v2\/types\/page"}],"author":[{"embeddable":true,"href":"https:\/\/www.torresprunera.com\/es\/wp-json\/wp\/v2\/users\/1"}],"replies":[{"embeddable":true,"href":"https:\/\/www.torresprunera.com\/es\/wp-json\/wp\/v2\/comments?post=864"}],"version-history":[{"count":1,"href":"https:\/\/www.torresprunera.com\/es\/wp-json\/wp\/v2\/pages\/864\/revisions"}],"predecessor-version":[{"id":865,"href":"https:\/\/www.torresprunera.com\/es\/wp-json\/wp\/v2\/pages\/864\/revisions\/865"}],"wp:attachment":[{"href":"https:\/\/www.torresprunera.com\/es\/wp-json\/wp\/v2\/media?parent=864"}],"curies":[{"name":"wp","href":"https:\/\/api.w.org\/{rel}","templated":true}]}}